{"id":29,"date":"2023-10-06T14:03:05","date_gmt":"2023-10-06T14:03:05","guid":{"rendered":"https:\/\/ucthp.hospitalelcalafate.gob.ar\/?page_id=29"},"modified":"2025-02-12T12:31:00","modified_gmt":"2025-02-12T15:31:00","slug":"diagnosticos","status":"publish","type":"page","link":"https:\/\/ucthp.hospitalelcalafate.gob.ar\/?page_id=29","title":{"rendered":"Diagn\u00f3sticos"},"content":{"rendered":"\n<h2 class=\"wp-block-heading has-text-align-center\" style=\"margin-top:var(--wp--preset--spacing--60);margin-bottom:var(--wp--preset--spacing--60)\">Diagn\u00f3sticos de Alta Complejidad<\/h2>\n\n\n\n<hr class=\"wp-block-separator alignwide has-text-color has-alpha-channel-opacity has-background is-style-wide\" style=\"margin-top:0;margin-bottom:0;background-color:#b8b8b8;color:#b8b8b8\"\/>\n\n\n\n<div class=\"wp-block-columns alignwide is-layout-flex wp-container-core-columns-is-layout-28f84493 wp-block-columns-is-layout-flex\">\n<div class=\"wp-block-column is-vertically-aligned-top is-layout-flow wp-block-column-is-layout-flow\">\n<div class=\"wp-block-uagb-container uagb-block-c831ca86 alignfull uagb-is-root-container\">\n<h3 class=\"wp-block-heading alignwide has-text-align-center has-ast-global-color-4-color has-text-color\"><strong>\u00c1rea de Virolog\u00eda e Inmunolog\u00eda Molecular<\/strong><\/h3>\n\n\n\n<ul class=\"wp-block-list has-ast-global-color-4-color has-text-color\">\n<li style=\"font-size:20px\">Diagn\u00f3stico Molecular de HIV-1 (Multiplex PCR de provirus y Carga Viral Plasm\u00e1tica cualitativa) diagn\u00f3stico perinatal, infecci\u00f3n vertical e inmunosuprimidos<\/li>\n\n\n\n<li style=\"font-size:20px\">Carga Viral Plasm\u00e1tica de HIV-1 cuantitativa (seguimiento de pacientes retrovirus)<\/li>\n\n\n\n<li style=\"font-size:20px\">Determinaci\u00f3n de genoma de SARS-CoV-2 por RT-PCR en secreciones nasofar\u00edngeas<\/li>\n\n\n\n<li style=\"font-size:20px\">Determinaci\u00f3n de genoma de Influenza A por RT-PCR en secreciones nasofar\u00edngeas<\/li>\n\n\n\n<li style=\"font-size:20px\">Determinaci\u00f3n de genoma de Influenza B por RT-PCR en secreciones nasofar\u00edngeas<\/li>\n\n\n\n<li style=\"font-size:20px\">Diagn\u00f3stico de Virus Neurotr\u00f3picos en LCR (HSV I y II, Enterovirus, CMV, VZV, EBV y SARS-CoV-2)<\/li>\n\n\n\n<li style=\"font-size:20px\">&nbsp;Determinaci\u00f3n de HSV en secreciones<\/li>\n\n\n\n<li style=\"font-size:20px\">Determinaci\u00f3n y tipificaci\u00f3n de HPV de alto riesgo<\/li>\n\n\n\n<li style=\"font-size:20px\">Determinaci\u00f3n Carga viral de CMV para pacientes trasplantados<\/li>\n\n\n\n<li style=\"font-size:20px\">&nbsp;En implementaci\u00f3n: Estudio de resistencia a ARV en pacientes HIV-1 con fallo terap\u00e9utico<\/li>\n<\/ul>\n<\/div>\n<\/div>\n\n\n\n<div class=\"wp-block-column is-vertically-aligned-top is-layout-flow wp-block-column-is-layout-flow\">\n<div class=\"wp-block-uagb-container uagb-block-fbb8369c alignfull uagb-is-root-container\">\n<h3 class=\"wp-block-heading has-text-align-center has-ast-global-color-4-color has-text-color\"><strong>\u00c1rea de Gen\u00e9tica Molecular Humana y Bioinform\u00e1tica<\/strong><\/h3>\n\n\n\n<ul class=\"wp-block-list has-ast-global-color-4-color has-text-color\">\n<li style=\"font-size:20px\"><mark style=\"background-color:rgba(0, 0, 0, 0)\" class=\"has-inline-color has-ast-global-color-4-color\">Estudio de genes espec\u00edficos por Secuenciaci\u00f3n de Sanger<\/mark><\/li>\n\n\n\n<li style=\"font-size:20px\">Test de sudor<\/li>\n\n\n\n<li style=\"font-size:20px\">Estudio de patolog\u00edas cong\u00e9nitas por MLPA (consultar por patolog\u00edas)<\/li>\n\n\n\n<li style=\"font-size:20px\">Estudio de patolog\u00edas cong\u00e9nitas por ArrayCGH<\/li>\n\n\n\n<li style=\"font-size:20px\">Estudio de patolog\u00edas cong\u00e9nitas por Secuenciaci\u00f3n de Nueva generaci\u00f3n: Paneles de Genes y Exomas Cl\u00ednicos<\/li>\n<\/ul>\n<\/div>\n<\/div>\n\n\n\n<div class=\"wp-block-column is-vertically-aligned-top is-layout-flow wp-block-column-is-layout-flow\">\n<div class=\"wp-block-uagb-container uagb-block-c0e78408 alignfull uagb-is-root-container\">\n<h3 class=\"wp-block-heading has-text-align-center has-ast-global-color-4-color has-text-color\"><strong>\u00c1rea de Oncolog\u00eda Molecular<\/strong><\/h3>\n\n\n\n<ul class=\"wp-block-list has-ast-global-color-4-color has-text-color\">\n<li style=\"font-size:20px\">Diagn\u00f3stico y tipificaci\u00f3n de Leucemias Mieloides y Linfoides<\/li>\n\n\n\n<li style=\"font-size:20px\">Diagn\u00f3stico de Policitemia Vera y otras patolog\u00edas hematol\u00f3gicas por detecci\u00f3n de BCR-ABL, JAK2 V617F, JAK2 ex\u00f3n 12, y otras mutaciones puntuales.<\/li>\n\n\n\n<li style=\"font-size:20px\">Tipificaci\u00f3n de tumores s\u00f3lidos por B-RAF<\/li>\n\n\n\n<li style=\"font-size:20px\">Tipificaci\u00f3n de tumores s\u00f3lidos por K-RAS<\/li>\n\n\n\n<li style=\"font-size:20px\">Tipificaci\u00f3n de tumores s\u00f3lidos por RAS<\/li>\n\n\n\n<li style=\"font-size:20px\">Tipificaci\u00f3n de tumores s\u00f3lidos por EGFR<\/li>\n\n\n\n<li style=\"font-size:20px\">Enfermedad Residual Medible para LMC<\/li>\n<\/ul>\n<\/div>\n<\/div>\n<\/div>\n","protected":false},"excerpt":{"rendered":"<p>Diagn\u00f3sticos de Alta Complejidad \u00c1rea de Virolog\u00eda e Inmunolog\u00eda Molecular \u00c1rea de Gen\u00e9tica Molecular Humana y Bioinform\u00e1tica \u00c1rea de Oncolog\u00eda Molecular<\/p>\n","protected":false},"author":2,"featured_media":0,"parent":0,"menu_order":0,"comment_status":"closed","ping_status":"closed","template":"","meta":{"_eb_attr":"","_uag_custom_page_level_css":"","advgb_blocks_editor_width":"","advgb_blocks_columns_visual_guide":"","site-sidebar-layout":"default","site-content-layout":"","ast-site-content-layout":"","site-content-style":"default","site-sidebar-style":"default","ast-global-header-display":"","ast-banner-title-visibility":"","ast-main-header-display":"","ast-hfb-above-header-display":"","ast-hfb-below-header-display":"","ast-hfb-mobile-header-display":"","site-post-title":"disabled","ast-breadcrumbs-content":"","ast-featured-img":"","footer-sml-layout":"","theme-transparent-header-meta":"","adv-header-id-meta":"","stick-header-meta":"","header-above-stick-meta":"","header-main-stick-meta":"","header-below-stick-meta":"","astra-migrate-meta-layouts":"","ast-page-background-enabled":"default","ast-page-background-meta":{"desktop":{"background-color":"var(--ast-global-color-4)","background-image":"","background-repeat":"repeat","background-position":"center center","background-size":"auto","background-attachment":"scroll","background-type":"","background-media":"","overlay-type":"","overlay-color":"","overlay-opacity":"","overlay-gradient":""},"tablet":{"background-color":"","background-image":"","background-repeat":"repeat","background-position":"center center","background-size":"auto","background-attachment":"scroll","background-type":"","background-media":"","overlay-type":"","overlay-color":"","overlay-opacity":"","overlay-gradient":""},"mobile":{"background-color":"","background-image":"","background-repeat":"repeat","background-position":"center center","background-size":"auto","background-attachment":"scroll","background-type":"","background-media":"","overlay-type":"","overlay-color":"","overlay-opacity":"","overlay-gradient":""}},"ast-content-background-meta":{"desktop":{"background-color":"var(--ast-global-color-5)","background-image":"","background-repeat":"repeat","background-position":"center center","background-size":"auto","background-attachment":"scroll","background-type":"","background-media":"","overlay-type":"","overlay-color":"","overlay-opacity":"","overlay-gradient":""},"tablet":{"background-color":"var(--ast-global-color-5)","background-image":"","background-repeat":"repeat","background-position":"center center","background-size":"auto","background-attachment":"scroll","background-type":"","background-media":"","overlay-type":"","overlay-color":"","overlay-opacity":"","overlay-gradient":""},"mobile":{"background-color":"var(--ast-global-color-5)","background-image":"","background-repeat":"repeat","background-position":"center center","background-size":"auto","background-attachment":"scroll","background-type":"","background-media":"","overlay-type":"","overlay-color":"","overlay-opacity":"","overlay-gradient":""}},"footnotes":""},"class_list":["post-29","page","type-page","status-publish","hentry"],"yoast_head":"<!-- This site is optimized with the Yoast SEO plugin v23.3 - https:\/\/yoast.com\/wordpress\/plugins\/seo\/ -->\n<title>Diagn\u00f3sticos - UCT HP<\/title>\n<meta name=\"robots\" content=\"index, follow, max-snippet:-1, max-image-preview:large, max-video-preview:-1\" \/>\n<link rel=\"canonical\" href=\"https:\/\/ucthp.hospitalelcalafate.gob.ar\/?page_id=29\" \/>\n<meta property=\"og:locale\" content=\"es_ES\" \/>\n<meta property=\"og:type\" content=\"article\" \/>\n<meta property=\"og:title\" content=\"Diagn\u00f3sticos - UCT HP\" \/>\n<meta property=\"og:description\" content=\"Diagn\u00f3sticos de Alta Complejidad \u00c1rea de Virolog\u00eda e Inmunolog\u00eda Molecular \u00c1rea de Gen\u00e9tica Molecular Humana y Bioinform\u00e1tica \u00c1rea de Oncolog\u00eda Molecular\" \/>\n<meta property=\"og:url\" content=\"https:\/\/ucthp.hospitalelcalafate.gob.ar\/?page_id=29\" \/>\n<meta property=\"og:site_name\" content=\"UCT HP\" \/>\n<meta property=\"article:modified_time\" content=\"2025-02-12T15:31:00+00:00\" \/>\n<meta property=\"og:image\" content=\"https:\/\/ucthp.hospitalelcalafate.gob.ar\/wp-content\/uploads\/2024\/06\/ucthp.webp\" \/>\n\t<meta property=\"og:image:width\" content=\"1200\" \/>\n\t<meta property=\"og:image:height\" content=\"675\" \/>\n\t<meta property=\"og:image:type\" content=\"image\/webp\" \/>\n<meta name=\"twitter:card\" content=\"summary_large_image\" \/>\n<meta name=\"twitter:label1\" content=\"Tiempo de lectura\" \/>\n\t<meta name=\"twitter:data1\" content=\"2 minutos\" \/>\n<script type=\"application\/ld+json\" class=\"yoast-schema-graph\">{\"@context\":\"https:\/\/schema.org\",\"@graph\":[{\"@type\":\"WebPage\",\"@id\":\"https:\/\/ucthp.hospitalelcalafate.gob.ar\/?page_id=29\",\"url\":\"https:\/\/ucthp.hospitalelcalafate.gob.ar\/?page_id=29\",\"name\":\"Diagn\u00f3sticos - UCT HP\",\"isPartOf\":{\"@id\":\"https:\/\/ucthp.hospitalelcalafate.gob.ar\/#website\"},\"datePublished\":\"2023-10-06T14:03:05+00:00\",\"dateModified\":\"2025-02-12T15:31:00+00:00\",\"breadcrumb\":{\"@id\":\"https:\/\/ucthp.hospitalelcalafate.gob.ar\/?page_id=29#breadcrumb\"},\"inLanguage\":\"es\",\"potentialAction\":[{\"@type\":\"ReadAction\",\"target\":[\"https:\/\/ucthp.hospitalelcalafate.gob.ar\/?page_id=29\"]}]},{\"@type\":\"BreadcrumbList\",\"@id\":\"https:\/\/ucthp.hospitalelcalafate.gob.ar\/?page_id=29#breadcrumb\",\"itemListElement\":[{\"@type\":\"ListItem\",\"position\":1,\"name\":\"Portada\",\"item\":\"https:\/\/ucthp.hospitalelcalafate.gob.ar\/\"},{\"@type\":\"ListItem\",\"position\":2,\"name\":\"Diagn\u00f3sticos\"}]},{\"@type\":\"WebSite\",\"@id\":\"https:\/\/ucthp.hospitalelcalafate.gob.ar\/#website\",\"url\":\"https:\/\/ucthp.hospitalelcalafate.gob.ar\/\",\"name\":\"UCT HP\",\"description\":\"Unidad de Conocimiento Traslacional Hospitalaria Patag\u00f3nica\",\"publisher\":{\"@id\":\"https:\/\/ucthp.hospitalelcalafate.gob.ar\/#organization\"},\"alternateName\":\"Unidad de Conocimiento Traslacional Hospitalaria Patag\u00f3nica\",\"potentialAction\":[{\"@type\":\"SearchAction\",\"target\":{\"@type\":\"EntryPoint\",\"urlTemplate\":\"https:\/\/ucthp.hospitalelcalafate.gob.ar\/?s={search_term_string}\"},\"query-input\":\"required name=search_term_string\"}],\"inLanguage\":\"es\"},{\"@type\":\"Organization\",\"@id\":\"https:\/\/ucthp.hospitalelcalafate.gob.ar\/#organization\",\"name\":\"UNIDAD DE CONOCIMIENTO TRASLACIONAL HOSPITALARIA PATAG\u00d3NICA\",\"alternateName\":\"UCTHP\",\"url\":\"https:\/\/ucthp.hospitalelcalafate.gob.ar\/\",\"logo\":{\"@type\":\"ImageObject\",\"inLanguage\":\"es\",\"@id\":\"https:\/\/ucthp.hospitalelcalafate.gob.ar\/#\/schema\/logo\/image\/\",\"url\":\"https:\/\/ucthp.hospitalelcalafate.gob.ar\/wp-content\/uploads\/2023\/10\/logo-UCT-HP.png\",\"contentUrl\":\"https:\/\/ucthp.hospitalelcalafate.gob.ar\/wp-content\/uploads\/2023\/10\/logo-UCT-HP.png\",\"width\":1191,\"height\":357,\"caption\":\"UNIDAD DE CONOCIMIENTO TRASLACIONAL HOSPITALARIA PATAG\u00d3NICA\"},\"image\":{\"@id\":\"https:\/\/ucthp.hospitalelcalafate.gob.ar\/#\/schema\/logo\/image\/\"}}]}<\/script>\n<!-- \/ Yoast SEO plugin. -->","yoast_head_json":{"title":"Diagn\u00f3sticos - UCT HP","robots":{"index":"index","follow":"follow","max-snippet":"max-snippet:-1","max-image-preview":"max-image-preview:large","max-video-preview":"max-video-preview:-1"},"canonical":"https:\/\/ucthp.hospitalelcalafate.gob.ar\/?page_id=29","og_locale":"es_ES","og_type":"article","og_title":"Diagn\u00f3sticos - UCT HP","og_description":"Diagn\u00f3sticos de Alta Complejidad \u00c1rea de Virolog\u00eda e Inmunolog\u00eda Molecular \u00c1rea de Gen\u00e9tica Molecular Humana y Bioinform\u00e1tica \u00c1rea de Oncolog\u00eda Molecular","og_url":"https:\/\/ucthp.hospitalelcalafate.gob.ar\/?page_id=29","og_site_name":"UCT HP","article_modified_time":"2025-02-12T15:31:00+00:00","og_image":[{"width":1200,"height":675,"url":"https:\/\/ucthp.hospitalelcalafate.gob.ar\/wp-content\/uploads\/2024\/06\/ucthp.webp","type":"image\/webp"}],"twitter_card":"summary_large_image","twitter_misc":{"Tiempo de lectura":"2 minutos"},"schema":{"@context":"https:\/\/schema.org","@graph":[{"@type":"WebPage","@id":"https:\/\/ucthp.hospitalelcalafate.gob.ar\/?page_id=29","url":"https:\/\/ucthp.hospitalelcalafate.gob.ar\/?page_id=29","name":"Diagn\u00f3sticos - UCT HP","isPartOf":{"@id":"https:\/\/ucthp.hospitalelcalafate.gob.ar\/#website"},"datePublished":"2023-10-06T14:03:05+00:00","dateModified":"2025-02-12T15:31:00+00:00","breadcrumb":{"@id":"https:\/\/ucthp.hospitalelcalafate.gob.ar\/?page_id=29#breadcrumb"},"inLanguage":"es","potentialAction":[{"@type":"ReadAction","target":["https:\/\/ucthp.hospitalelcalafate.gob.ar\/?page_id=29"]}]},{"@type":"BreadcrumbList","@id":"https:\/\/ucthp.hospitalelcalafate.gob.ar\/?page_id=29#breadcrumb","itemListElement":[{"@type":"ListItem","position":1,"name":"Portada","item":"https:\/\/ucthp.hospitalelcalafate.gob.ar\/"},{"@type":"ListItem","position":2,"name":"Diagn\u00f3sticos"}]},{"@type":"WebSite","@id":"https:\/\/ucthp.hospitalelcalafate.gob.ar\/#website","url":"https:\/\/ucthp.hospitalelcalafate.gob.ar\/","name":"UCT HP","description":"Unidad de Conocimiento Traslacional Hospitalaria Patag\u00f3nica","publisher":{"@id":"https:\/\/ucthp.hospitalelcalafate.gob.ar\/#organization"},"alternateName":"Unidad de Conocimiento Traslacional Hospitalaria Patag\u00f3nica","potentialAction":[{"@type":"SearchAction","target":{"@type":"EntryPoint","urlTemplate":"https:\/\/ucthp.hospitalelcalafate.gob.ar\/?s={search_term_string}"},"query-input":"required name=search_term_string"}],"inLanguage":"es"},{"@type":"Organization","@id":"https:\/\/ucthp.hospitalelcalafate.gob.ar\/#organization","name":"UNIDAD DE CONOCIMIENTO TRASLACIONAL HOSPITALARIA PATAG\u00d3NICA","alternateName":"UCTHP","url":"https:\/\/ucthp.hospitalelcalafate.gob.ar\/","logo":{"@type":"ImageObject","inLanguage":"es","@id":"https:\/\/ucthp.hospitalelcalafate.gob.ar\/#\/schema\/logo\/image\/","url":"https:\/\/ucthp.hospitalelcalafate.gob.ar\/wp-content\/uploads\/2023\/10\/logo-UCT-HP.png","contentUrl":"https:\/\/ucthp.hospitalelcalafate.gob.ar\/wp-content\/uploads\/2023\/10\/logo-UCT-HP.png","width":1191,"height":357,"caption":"UNIDAD DE CONOCIMIENTO TRASLACIONAL HOSPITALARIA PATAG\u00d3NICA"},"image":{"@id":"https:\/\/ucthp.hospitalelcalafate.gob.ar\/#\/schema\/logo\/image\/"}}]}},"uagb_featured_image_src":{"full":false,"thumbnail":false,"medium":false,"medium_large":false,"large":false,"1536x1536":false,"2048x2048":false},"uagb_author_info":{"display_name":"Mirtha","author_link":"https:\/\/ucthp.hospitalelcalafate.gob.ar\/?author=2"},"uagb_comment_info":0,"uagb_excerpt":"Diagn\u00f3sticos de Alta Complejidad \u00c1rea de Virolog\u00eda e Inmunolog\u00eda Molecular \u00c1rea de Gen\u00e9tica Molecular Humana y Bioinform\u00e1tica \u00c1rea de Oncolog\u00eda Molecular","coauthors":[],"author_meta":{"author_link":"https:\/\/ucthp.hospitalelcalafate.gob.ar\/?author=2","display_name":"Mirtha"},"relative_dates":{"created":"Publicado 3 a\u00f1os hace","modified":"Actualizado 1 a\u00f1o hace"},"absolute_dates":{"created":"Publicado el 6 de octubre de 2023","modified":"Actualizado el 12 de febrero de 2025"},"absolute_dates_time":{"created":"Publicado el 6 de octubre de 2023 2:03 pm","modified":"Actualizado el 12 de febrero de 2025 12:31 pm"},"featured_img_caption":"","featured_img":false,"series_order":"","_links":{"self":[{"href":"https:\/\/ucthp.hospitalelcalafate.gob.ar\/index.php?rest_route=\/wp\/v2\/pages\/29","targetHints":{"allow":["GET"]}}],"collection":[{"href":"https:\/\/ucthp.hospitalelcalafate.gob.ar\/index.php?rest_route=\/wp\/v2\/pages"}],"about":[{"href":"https:\/\/ucthp.hospitalelcalafate.gob.ar\/index.php?rest_route=\/wp\/v2\/types\/page"}],"author":[{"embeddable":true,"href":"https:\/\/ucthp.hospitalelcalafate.gob.ar\/index.php?rest_route=\/wp\/v2\/users\/2"}],"replies":[{"embeddable":true,"href":"https:\/\/ucthp.hospitalelcalafate.gob.ar\/index.php?rest_route=%2Fwp%2Fv2%2Fcomments&post=29"}],"version-history":[{"count":57,"href":"https:\/\/ucthp.hospitalelcalafate.gob.ar\/index.php?rest_route=\/wp\/v2\/pages\/29\/revisions"}],"predecessor-version":[{"id":801,"href":"https:\/\/ucthp.hospitalelcalafate.gob.ar\/index.php?rest_route=\/wp\/v2\/pages\/29\/revisions\/801"}],"wp:attachment":[{"href":"https:\/\/ucthp.hospitalelcalafate.gob.ar\/index.php?rest_route=%2Fwp%2Fv2%2Fmedia&parent=29"}],"curies":[{"name":"wp","href":"https:\/\/api.w.org\/{rel}","templated":true}]}}