{"id":23,"date":"2023-10-06T14:02:12","date_gmt":"2023-10-06T14:02:12","guid":{"rendered":"https:\/\/ucthp.hospitalelcalafate.gob.ar\/?page_id=23"},"modified":"2024-08-02T12:15:26","modified_gmt":"2024-08-02T15:15:26","slug":"institucional","status":"publish","type":"page","link":"https:\/\/ucthp.hospitalelcalafate.gob.ar\/?page_id=23","title":{"rendered":"Institucional"},"content":{"rendered":"\n<h2 class=\"wp-block-heading has-text-align-center\" style=\"margin-top:var(--wp--preset--spacing--60);margin-bottom:var(--wp--preset--spacing--60)\">Informaci\u00f3n Institucional<\/h2>\n\n\n\n<hr class=\"wp-block-separator alignwide has-text-color has-alpha-channel-opacity has-background is-style-wide\" style=\"margin-top:0;margin-bottom:0;background-color:#b8b8b8;color:#b8b8b8\"\/>\n\n\n\n<div class=\"wp-block-columns alignwide is-layout-flex wp-container-core-columns-is-layout-28f84493 wp-block-columns-is-layout-flex\">\n<div class=\"wp-block-column is-layout-flow wp-block-column-is-layout-flow\" style=\"flex-basis:30%\">\n<div class=\"wp-block-advgb-accordions advgb-accordions-28c6f0c3-7016-4ed7-a71b-87b922b6b8ab advgb-accordion-wrapper\" data-collapsed=\"true\">\n<div class=\"wp-block-advgb-accordion-item advgb-accordion-item\" style=\"margin-bottom:15px\"><div class=\"advgb-accordion-header\" style=\"background-color:var(--ast-global-color-2);color:#eee;border-style:solid;border-width:1px;border-radius:2px\"><span class=\"advgb-accordion-header-icon\"><svg fill=\"var(--ast-global-color-4)\" xmlns=\"http:\/\/www.w3.org\/2000\/svg\" width=\"24\" height=\"24\" viewBox=\"0 0 24 24\"><path opacity=\"0.87\" fill=\"none\" d=\"M24,24H0L0,0l24,0V24z\"><\/path><path d=\"M16.59,8.59L12,13.17L7.41,8.59L6,10l6,6l6-6L16.59,8.59z\"><\/path><\/svg><\/span><h4 class=\"advgb-accordion-header-title\" style=\"color:inherit\">Misi\u00f3n<\/h4><\/div><div class=\"advgb-accordion-body\" style=\"border-style:solid !important;border-width:1px !important;border-color:undefined !important;border-top:none !important;border-radius:2px !important\">\n<p>Desarrollar un \u00e1rea hospitalaria especializada en investigaci\u00f3n traslacional y diagn\u00f3stico en virolog\u00eda e inmunolog\u00eda, oncolog\u00eda molecular, gen\u00e9tica molecular humana y salud p\u00fablica. Promover la capacitaci\u00f3n de recursos humanos en investigaci\u00f3n traslacional y dichas \u00e1reas de investigaci\u00f3n cient\u00edfica con el fin de contribuir a la salud p\u00fablica de la comunidad, la provincia y la regi\u00f3n.<\/p>\n<\/div><\/div>\n<\/div>\n<\/div>\n\n\n\n<div class=\"wp-block-column is-layout-flow wp-block-column-is-layout-flow\" style=\"flex-basis:20%\">\n<div class=\"wp-block-advgb-accordions advgb-accordions-7bc4465a-f73d-45db-9ee1-b0ac67ebc00f advgb-accordion-wrapper\" data-collapsed=\"true\">\n<div class=\"wp-block-advgb-accordion-item advgb-accordion-item\" style=\"margin-bottom:15px\"><div class=\"advgb-accordion-header\" style=\"background-color:var(--ast-global-color-2);color:#eee;border-style:solid;border-width:1px;border-radius:2px\"><span class=\"advgb-accordion-header-icon\"><svg fill=\"var(--ast-global-color-4)\" xmlns=\"http:\/\/www.w3.org\/2000\/svg\" width=\"24\" height=\"24\" viewBox=\"0 0 24 24\"><path opacity=\"0.87\" fill=\"none\" d=\"M24,24H0L0,0l24,0V24z\"><\/path><path d=\"M16.59,8.59L12,13.17L7.41,8.59L6,10l6,6l6-6L16.59,8.59z\"><\/path><\/svg><\/span><h4 class=\"advgb-accordion-header-title\" style=\"color:inherit\">Visi\u00f3n<\/h4><\/div><div class=\"advgb-accordion-body\" style=\"border-style:solid !important;border-width:1px !important;border-color:undefined !important;border-top:none !important;border-radius:2px !important\">\n<p>Constituir un centro de alta complejidad con un enfoque local, provincial y regional con nuevos enfoques en investigaci\u00f3n traslacional para garantizar la calidad en la asistencia de salud de los pacientes y la comunidad.<\/p>\n<\/div><\/div>\n<\/div>\n<\/div>\n\n\n\n<div class=\"wp-block-column is-layout-flow wp-block-column-is-layout-flow\" style=\"flex-basis:50%\">\n<div class=\"wp-block-advgb-accordions advgb-accordions-28693986-efac-48e6-aac8-bc224418b116 advgb-accordion-wrapper\" data-collapsed=\"true\">\n<div class=\"wp-block-advgb-accordion-item advgb-accordion-item\" style=\"margin-bottom:15px\"><div class=\"advgb-accordion-header\" style=\"background-color:var(--ast-global-color-2);color:#eee;border-style:solid;border-width:1px;border-radius:2px\"><span class=\"advgb-accordion-header-icon\"><svg fill=\"var(--ast-global-color-4)\" xmlns=\"http:\/\/www.w3.org\/2000\/svg\" width=\"24\" height=\"24\" viewBox=\"0 0 24 24\"><path opacity=\"0.87\" fill=\"none\" d=\"M24,24H0L0,0l24,0V24z\"><\/path><path d=\"M16.59,8.59L12,13.17L7.41,8.59L6,10l6,6l6-6L16.59,8.59z\"><\/path><\/svg><\/span><h4 class=\"advgb-accordion-header-title\" style=\"color:inherit\">Objetivos<\/h4><\/div><div class=\"advgb-accordion-body\" style=\"border-style:solid !important;border-width:1px !important;border-color:undefined !important;border-top:none !important;border-radius:2px !important\">\n<p>Promover la investigaci\u00f3n traslacional generando l\u00edneas de investigaci\u00f3n que deriven en el desarrollo de nuevos conocimientos que sean r\u00e1pidamente implementados en la comunidad.<\/p>\n\n\n\n<p>Implementar tecnolog\u00edas de \u00faltima generaci\u00f3n en investigaci\u00f3n y diagn\u00f3stico.<\/p>\n\n\n\n<p>Promover el desarrollo de equipos interdisciplinarios en el Hospital para diagn\u00f3stico, tratamiento y prevenci\u00f3n de patolog\u00edas espec\u00edficas e investigaci\u00f3n. Para lograr una atenci\u00f3n de excelencia a los pacientes.<\/p>\n\n\n\n<p>Complejizar el laboratorio especializado en diagn\u00f3stico molecular a trav\u00e9s de la generaci\u00f3n del servicio de Diagn\u00f3stico Molecular en la Unidad de conocimiento traslacional Hospitalaria Patag\u00f3nica.<\/p>\n<\/div><\/div>\n<\/div>\n<\/div>\n<\/div>\n\n\n\n<div class=\"wp-block-columns alignwide is-layout-flex wp-container-core-columns-is-layout-28f84493 wp-block-columns-is-layout-flex\">\n<div class=\"wp-block-column is-layout-flow wp-block-column-is-layout-flow\">\n<h2 class=\"wp-block-heading has-text-align-center\">Nuestra Historia<\/h2>\n\n\n\n<h3 class=\"wp-block-heading has-text-align-center\">Primeros Logros de la UCTHP<\/h3>\n\n\n\n<figure class=\"wp-block-image size-large is-resized\"><img loading=\"lazy\" decoding=\"async\" width=\"1024\" height=\"410\" src=\"https:\/\/ucthp.hospitalelcalafate.gob.ar\/wp-content\/uploads\/2023\/10\/historia-1024x410.png\" alt=\"\" class=\"wp-image-174\" style=\"width:1139px;height:456px\" srcset=\"https:\/\/ucthp.hospitalelcalafate.gob.ar\/wp-content\/uploads\/2023\/10\/historia-1024x410.png 1024w, https:\/\/ucthp.hospitalelcalafate.gob.ar\/wp-content\/uploads\/2023\/10\/historia-300x120.png 300w, https:\/\/ucthp.hospitalelcalafate.gob.ar\/wp-content\/uploads\/2023\/10\/historia-768x307.png 768w, https:\/\/ucthp.hospitalelcalafate.gob.ar\/wp-content\/uploads\/2023\/10\/historia.png 1400w\" sizes=\"auto, (max-width: 1024px) 100vw, 1024px\" \/><\/figure>\n<\/div>\n<\/div>\n\n\n\n<div class=\"wp-block-columns alignwide is-layout-flex wp-container-core-columns-is-layout-28f84493 wp-block-columns-is-layout-flex\">\n<div class=\"wp-block-column is-layout-flow wp-block-column-is-layout-flow\">\n<div class=\"wp-block-uagb-buttons uagb-buttons__outer-wrap uagb-btn__default-btn uagb-btn-tablet__default-btn uagb-btn-mobile__default-btn uagb-block-cbd908f7\"><div class=\"uagb-buttons__wrap uagb-buttons-layout-wrap \">\n<div class=\"wp-block-uagb-buttons-child uagb-buttons__outer-wrap uagb-block-b48204e8 wp-block-button\"><div class=\"uagb-button__wrapper\"><a class=\"uagb-buttons-repeater wp-block-button__link\" aria-label=\"\" href=\"https:\/\/ucthp.hospitalelcalafate.gob.ar\/wp-content\/uploads\/2024\/08\/U.C.T.H.P.-HAC-El-Calafate-SAMIC-Informe-MEMORIA-2021-2024.pdf\" rel=\"follow noopener\" target=\"_blank\" role=\"button\"><div class=\"uagb-button__link\">Memorias 2021 &#8211; 2024<\/div><\/a><\/div><\/div>\n<\/div><\/div>\n<\/div>\n<\/div>\n","protected":false},"excerpt":{"rendered":"<p>Informaci\u00f3n Institucional Nuestra Historia Primeros Logros de la UCTHP<\/p>\n","protected":false},"author":2,"featured_media":0,"parent":0,"menu_order":0,"comment_status":"closed","ping_status":"closed","template":"","meta":{"_eb_attr":"","_uag_custom_page_level_css":"","advgb_blocks_editor_width":"","advgb_blocks_columns_visual_guide":"","site-sidebar-layout":"default","site-content-layout":"","ast-site-content-layout":"","site-content-style":"default","site-sidebar-style":"default","ast-global-header-display":"","ast-banner-title-visibility":"","ast-main-header-display":"","ast-hfb-above-header-display":"","ast-hfb-below-header-display":"","ast-hfb-mobile-header-display":"","site-post-title":"disabled","ast-breadcrumbs-content":"","ast-featured-img":"","footer-sml-layout":"","theme-transparent-header-meta":"","adv-header-id-meta":"","stick-header-meta":"","header-above-stick-meta":"","header-main-stick-meta":"","header-below-stick-meta":"","astra-migrate-meta-layouts":"","ast-page-background-enabled":"default","ast-page-background-meta":{"desktop":{"background-color":"var(--ast-global-color-4)","background-image":"","background-repeat":"repeat","background-position":"center center","background-size":"auto","background-attachment":"scroll","background-type":"","background-media":"","overlay-type":"","overlay-color":"","overlay-opacity":"","overlay-gradient":""},"tablet":{"background-color":"","background-image":"","background-repeat":"repeat","background-position":"center center","background-size":"auto","background-attachment":"scroll","background-type":"","background-media":"","overlay-type":"","overlay-color":"","overlay-opacity":"","overlay-gradient":""},"mobile":{"background-color":"","background-image":"","background-repeat":"repeat","background-position":"center center","background-size":"auto","background-attachment":"scroll","background-type":"","background-media":"","overlay-type":"","overlay-color":"","overlay-opacity":"","overlay-gradient":""}},"ast-content-background-meta":{"desktop":{"background-color":"var(--ast-global-color-5)","background-image":"","background-repeat":"repeat","background-position":"center center","background-size":"auto","background-attachment":"scroll","background-type":"","background-media":"","overlay-type":"","overlay-color":"","overlay-opacity":"","overlay-gradient":""},"tablet":{"background-color":"var(--ast-global-color-5)","background-image":"","background-repeat":"repeat","background-position":"center center","background-size":"auto","background-attachment":"scroll","background-type":"","background-media":"","overlay-type":"","overlay-color":"","overlay-opacity":"","overlay-gradient":""},"mobile":{"background-color":"var(--ast-global-color-5)","background-image":"","background-repeat":"repeat","background-position":"center center","background-size":"auto","background-attachment":"scroll","background-type":"","background-media":"","overlay-type":"","overlay-color":"","overlay-opacity":"","overlay-gradient":""}},"footnotes":""},"class_list":["post-23","page","type-page","status-publish","hentry"],"yoast_head":"<!-- This site is optimized with the Yoast SEO plugin v23.3 - https:\/\/yoast.com\/wordpress\/plugins\/seo\/ -->\n<title>Institucional - UCT HP<\/title>\n<meta name=\"robots\" content=\"index, follow, max-snippet:-1, max-image-preview:large, max-video-preview:-1\" \/>\n<link rel=\"canonical\" href=\"https:\/\/ucthp.hospitalelcalafate.gob.ar\/?page_id=23\" \/>\n<meta property=\"og:locale\" content=\"es_ES\" \/>\n<meta property=\"og:type\" content=\"article\" \/>\n<meta property=\"og:title\" content=\"Institucional - UCT HP\" \/>\n<meta property=\"og:description\" content=\"Informaci\u00f3n Institucional Nuestra Historia Primeros Logros de la UCTHP\" \/>\n<meta property=\"og:url\" content=\"https:\/\/ucthp.hospitalelcalafate.gob.ar\/?page_id=23\" \/>\n<meta property=\"og:site_name\" content=\"UCT HP\" \/>\n<meta property=\"article:modified_time\" content=\"2024-08-02T15:15:26+00:00\" \/>\n<meta property=\"og:image\" content=\"https:\/\/ucthp.hospitalelcalafate.gob.ar\/wp-content\/uploads\/2023\/10\/historia-1024x410.png\" \/>\n<meta name=\"twitter:card\" content=\"summary_large_image\" \/>\n<meta name=\"twitter:label1\" content=\"Tiempo de lectura\" \/>\n\t<meta name=\"twitter:data1\" content=\"2 minutos\" \/>\n<script type=\"application\/ld+json\" class=\"yoast-schema-graph\">{\"@context\":\"https:\/\/schema.org\",\"@graph\":[{\"@type\":\"WebPage\",\"@id\":\"https:\/\/ucthp.hospitalelcalafate.gob.ar\/?page_id=23\",\"url\":\"https:\/\/ucthp.hospitalelcalafate.gob.ar\/?page_id=23\",\"name\":\"Institucional - UCT HP\",\"isPartOf\":{\"@id\":\"https:\/\/ucthp.hospitalelcalafate.gob.ar\/#website\"},\"primaryImageOfPage\":{\"@id\":\"https:\/\/ucthp.hospitalelcalafate.gob.ar\/?page_id=23#primaryimage\"},\"image\":{\"@id\":\"https:\/\/ucthp.hospitalelcalafate.gob.ar\/?page_id=23#primaryimage\"},\"thumbnailUrl\":\"https:\/\/ucthp.hospitalelcalafate.gob.ar\/wp-content\/uploads\/2023\/10\/historia-1024x410.png\",\"datePublished\":\"2023-10-06T14:02:12+00:00\",\"dateModified\":\"2024-08-02T15:15:26+00:00\",\"breadcrumb\":{\"@id\":\"https:\/\/ucthp.hospitalelcalafate.gob.ar\/?page_id=23#breadcrumb\"},\"inLanguage\":\"es\",\"potentialAction\":[{\"@type\":\"ReadAction\",\"target\":[\"https:\/\/ucthp.hospitalelcalafate.gob.ar\/?page_id=23\"]}]},{\"@type\":\"ImageObject\",\"inLanguage\":\"es\",\"@id\":\"https:\/\/ucthp.hospitalelcalafate.gob.ar\/?page_id=23#primaryimage\",\"url\":\"https:\/\/ucthp.hospitalelcalafate.gob.ar\/wp-content\/uploads\/2023\/10\/historia.png\",\"contentUrl\":\"https:\/\/ucthp.hospitalelcalafate.gob.ar\/wp-content\/uploads\/2023\/10\/historia.png\",\"width\":1400,\"height\":560,\"caption\":\"Historia UCTHP\"},{\"@type\":\"BreadcrumbList\",\"@id\":\"https:\/\/ucthp.hospitalelcalafate.gob.ar\/?page_id=23#breadcrumb\",\"itemListElement\":[{\"@type\":\"ListItem\",\"position\":1,\"name\":\"Portada\",\"item\":\"https:\/\/ucthp.hospitalelcalafate.gob.ar\/\"},{\"@type\":\"ListItem\",\"position\":2,\"name\":\"Institucional\"}]},{\"@type\":\"WebSite\",\"@id\":\"https:\/\/ucthp.hospitalelcalafate.gob.ar\/#website\",\"url\":\"https:\/\/ucthp.hospitalelcalafate.gob.ar\/\",\"name\":\"UCT HP\",\"description\":\"Unidad de Conocimiento Traslacional Hospitalaria Patag\u00f3nica\",\"publisher\":{\"@id\":\"https:\/\/ucthp.hospitalelcalafate.gob.ar\/#organization\"},\"alternateName\":\"Unidad de Conocimiento Traslacional Hospitalaria Patag\u00f3nica\",\"potentialAction\":[{\"@type\":\"SearchAction\",\"target\":{\"@type\":\"EntryPoint\",\"urlTemplate\":\"https:\/\/ucthp.hospitalelcalafate.gob.ar\/?s={search_term_string}\"},\"query-input\":\"required name=search_term_string\"}],\"inLanguage\":\"es\"},{\"@type\":\"Organization\",\"@id\":\"https:\/\/ucthp.hospitalelcalafate.gob.ar\/#organization\",\"name\":\"UNIDAD DE CONOCIMIENTO TRASLACIONAL HOSPITALARIA PATAG\u00d3NICA\",\"alternateName\":\"UCTHP\",\"url\":\"https:\/\/ucthp.hospitalelcalafate.gob.ar\/\",\"logo\":{\"@type\":\"ImageObject\",\"inLanguage\":\"es\",\"@id\":\"https:\/\/ucthp.hospitalelcalafate.gob.ar\/#\/schema\/logo\/image\/\",\"url\":\"https:\/\/ucthp.hospitalelcalafate.gob.ar\/wp-content\/uploads\/2023\/10\/logo-UCT-HP.png\",\"contentUrl\":\"https:\/\/ucthp.hospitalelcalafate.gob.ar\/wp-content\/uploads\/2023\/10\/logo-UCT-HP.png\",\"width\":1191,\"height\":357,\"caption\":\"UNIDAD DE CONOCIMIENTO TRASLACIONAL HOSPITALARIA PATAG\u00d3NICA\"},\"image\":{\"@id\":\"https:\/\/ucthp.hospitalelcalafate.gob.ar\/#\/schema\/logo\/image\/\"}}]}<\/script>\n<!-- \/ Yoast SEO plugin. -->","yoast_head_json":{"title":"Institucional - UCT HP","robots":{"index":"index","follow":"follow","max-snippet":"max-snippet:-1","max-image-preview":"max-image-preview:large","max-video-preview":"max-video-preview:-1"},"canonical":"https:\/\/ucthp.hospitalelcalafate.gob.ar\/?page_id=23","og_locale":"es_ES","og_type":"article","og_title":"Institucional - UCT HP","og_description":"Informaci\u00f3n Institucional Nuestra Historia Primeros Logros de la UCTHP","og_url":"https:\/\/ucthp.hospitalelcalafate.gob.ar\/?page_id=23","og_site_name":"UCT HP","article_modified_time":"2024-08-02T15:15:26+00:00","og_image":[{"url":"https:\/\/ucthp.hospitalelcalafate.gob.ar\/wp-content\/uploads\/2023\/10\/historia-1024x410.png"}],"twitter_card":"summary_large_image","twitter_misc":{"Tiempo de lectura":"2 minutos"},"schema":{"@context":"https:\/\/schema.org","@graph":[{"@type":"WebPage","@id":"https:\/\/ucthp.hospitalelcalafate.gob.ar\/?page_id=23","url":"https:\/\/ucthp.hospitalelcalafate.gob.ar\/?page_id=23","name":"Institucional - UCT HP","isPartOf":{"@id":"https:\/\/ucthp.hospitalelcalafate.gob.ar\/#website"},"primaryImageOfPage":{"@id":"https:\/\/ucthp.hospitalelcalafate.gob.ar\/?page_id=23#primaryimage"},"image":{"@id":"https:\/\/ucthp.hospitalelcalafate.gob.ar\/?page_id=23#primaryimage"},"thumbnailUrl":"https:\/\/ucthp.hospitalelcalafate.gob.ar\/wp-content\/uploads\/2023\/10\/historia-1024x410.png","datePublished":"2023-10-06T14:02:12+00:00","dateModified":"2024-08-02T15:15:26+00:00","breadcrumb":{"@id":"https:\/\/ucthp.hospitalelcalafate.gob.ar\/?page_id=23#breadcrumb"},"inLanguage":"es","potentialAction":[{"@type":"ReadAction","target":["https:\/\/ucthp.hospitalelcalafate.gob.ar\/?page_id=23"]}]},{"@type":"ImageObject","inLanguage":"es","@id":"https:\/\/ucthp.hospitalelcalafate.gob.ar\/?page_id=23#primaryimage","url":"https:\/\/ucthp.hospitalelcalafate.gob.ar\/wp-content\/uploads\/2023\/10\/historia.png","contentUrl":"https:\/\/ucthp.hospitalelcalafate.gob.ar\/wp-content\/uploads\/2023\/10\/historia.png","width":1400,"height":560,"caption":"Historia UCTHP"},{"@type":"BreadcrumbList","@id":"https:\/\/ucthp.hospitalelcalafate.gob.ar\/?page_id=23#breadcrumb","itemListElement":[{"@type":"ListItem","position":1,"name":"Portada","item":"https:\/\/ucthp.hospitalelcalafate.gob.ar\/"},{"@type":"ListItem","position":2,"name":"Institucional"}]},{"@type":"WebSite","@id":"https:\/\/ucthp.hospitalelcalafate.gob.ar\/#website","url":"https:\/\/ucthp.hospitalelcalafate.gob.ar\/","name":"UCT HP","description":"Unidad de Conocimiento Traslacional Hospitalaria Patag\u00f3nica","publisher":{"@id":"https:\/\/ucthp.hospitalelcalafate.gob.ar\/#organization"},"alternateName":"Unidad de Conocimiento Traslacional Hospitalaria Patag\u00f3nica","potentialAction":[{"@type":"SearchAction","target":{"@type":"EntryPoint","urlTemplate":"https:\/\/ucthp.hospitalelcalafate.gob.ar\/?s={search_term_string}"},"query-input":"required name=search_term_string"}],"inLanguage":"es"},{"@type":"Organization","@id":"https:\/\/ucthp.hospitalelcalafate.gob.ar\/#organization","name":"UNIDAD DE CONOCIMIENTO TRASLACIONAL HOSPITALARIA PATAG\u00d3NICA","alternateName":"UCTHP","url":"https:\/\/ucthp.hospitalelcalafate.gob.ar\/","logo":{"@type":"ImageObject","inLanguage":"es","@id":"https:\/\/ucthp.hospitalelcalafate.gob.ar\/#\/schema\/logo\/image\/","url":"https:\/\/ucthp.hospitalelcalafate.gob.ar\/wp-content\/uploads\/2023\/10\/logo-UCT-HP.png","contentUrl":"https:\/\/ucthp.hospitalelcalafate.gob.ar\/wp-content\/uploads\/2023\/10\/logo-UCT-HP.png","width":1191,"height":357,"caption":"UNIDAD DE CONOCIMIENTO TRASLACIONAL HOSPITALARIA PATAG\u00d3NICA"},"image":{"@id":"https:\/\/ucthp.hospitalelcalafate.gob.ar\/#\/schema\/logo\/image\/"}}]}},"uagb_featured_image_src":{"full":false,"thumbnail":false,"medium":false,"medium_large":false,"large":false,"1536x1536":false,"2048x2048":false},"uagb_author_info":{"display_name":"Mirtha","author_link":"https:\/\/ucthp.hospitalelcalafate.gob.ar\/?author=2"},"uagb_comment_info":0,"uagb_excerpt":"Informaci\u00f3n Institucional Nuestra Historia Primeros Logros de la UCTHP","coauthors":[],"author_meta":{"author_link":"https:\/\/ucthp.hospitalelcalafate.gob.ar\/?author=2","display_name":"Mirtha"},"relative_dates":{"created":"Publicado 3 a\u00f1os hace","modified":"Actualizado 2 a\u00f1os hace"},"absolute_dates":{"created":"Publicado el 6 de octubre de 2023","modified":"Actualizado el 2 de agosto de 2024"},"absolute_dates_time":{"created":"Publicado el 6 de octubre de 2023 2:02 pm","modified":"Actualizado el 2 de agosto de 2024 12:15 pm"},"featured_img_caption":"","featured_img":false,"series_order":"","_links":{"self":[{"href":"https:\/\/ucthp.hospitalelcalafate.gob.ar\/index.php?rest_route=\/wp\/v2\/pages\/23","targetHints":{"allow":["GET"]}}],"collection":[{"href":"https:\/\/ucthp.hospitalelcalafate.gob.ar\/index.php?rest_route=\/wp\/v2\/pages"}],"about":[{"href":"https:\/\/ucthp.hospitalelcalafate.gob.ar\/index.php?rest_route=\/wp\/v2\/types\/page"}],"author":[{"embeddable":true,"href":"https:\/\/ucthp.hospitalelcalafate.gob.ar\/index.php?rest_route=\/wp\/v2\/users\/2"}],"replies":[{"embeddable":true,"href":"https:\/\/ucthp.hospitalelcalafate.gob.ar\/index.php?rest_route=%2Fwp%2Fv2%2Fcomments&post=23"}],"version-history":[{"count":15,"href":"https:\/\/ucthp.hospitalelcalafate.gob.ar\/index.php?rest_route=\/wp\/v2\/pages\/23\/revisions"}],"predecessor-version":[{"id":757,"href":"https:\/\/ucthp.hospitalelcalafate.gob.ar\/index.php?rest_route=\/wp\/v2\/pages\/23\/revisions\/757"}],"wp:attachment":[{"href":"https:\/\/ucthp.hospitalelcalafate.gob.ar\/index.php?rest_route=%2Fwp%2Fv2%2Fmedia&parent=23"}],"curies":[{"name":"wp","href":"https:\/\/api.w.org\/{rel}","templated":true}]}}